{"id":60,"date":"2020-06-13T15:07:04","date_gmt":"2020-06-13T13:07:04","guid":{"rendered":"http:\/\/ww1.newstone.fr\/?page_id=60"},"modified":"2020-06-13T15:07:04","modified_gmt":"2020-06-13T13:07:04","slug":"mentions-legales","status":"publish","type":"page","link":"https:\/\/www.newstone.fr\/en\/mentions-legales\/","title":{"rendered":"Legal Notice"},"content":{"rendered":"<p class=\"has-text-color has-vivid-cyan-blue-color\">Site Manager:<\/p>\n\n\n\n<p>NewStone, SAS with capital of \u20ac 2,624,040 whose registered office is located at 8 rue Gounod, 75017 Paris, registered in the Paris Trade and Companies Register under SIRET number: 480 156 561 00031. Intracommunity VAT number FR 04 480 156 561<\/p>\n\n\n\n<p>Phone : +33 1 55 37 03 00<\/p>\n\n\n\n<p class=\"has-text-color has-vivid-cyan-blue-color\">Site edited and produced by:<\/p>\n\n\n\n<p>JSM Web \u2013 97 rue de la Paix \u2013 94170 Le Perreux sur Marne \u2013<\/p>\n\n\n\n<p class=\"has-text-color has-vivid-cyan-blue-color\">Cr\u00e9dits : <\/p>\n\n\n\n<p>All rights reserved. Portrait photo: Christine Ledroit-Perrin.<\/p>\n\n\n\n<p>It is strictly forbidden to collect and use the information available on the site for commercial purposes.<\/p>\n\n\n\n<p>This prohibition extends in particular, without this list being exhaustive, to any editorial element appearing on the site, to logos, images, photos, perspectives, of any kind.<\/p>","protected":false},"excerpt":{"rendered":"<p>Responsable du Site : NewStone, SAS au capital de 2 624 040 \u20ac dont le si\u00e8ge social se situe 8 rue Gounod, 75017 Paris, Immatricul\u00e9e au Registre du Commerce et des Soci\u00e9t\u00e9s de Paris sous le n\u00b0 SIRET : 480 156 561 00031. N\u00b0 T.V.A Intracommunautaire FR 04 480 156 561 T\u00e9l : 01 55 [&hellip;]<\/p>\n","protected":false},"author":1,"featured_media":0,"parent":0,"menu_order":0,"comment_status":"closed","ping_status":"closed","template":"","meta":{"ocean_post_layout":"","ocean_both_sidebars_style":"","ocean_both_sidebars_content_width":0,"ocean_both_sidebars_sidebars_width":0,"ocean_sidebar":"","ocean_second_sidebar":"","ocean_disable_margins":"enable","ocean_add_body_class":"","ocean_shortcode_before_top_bar":"","ocean_shortcode_after_top_bar":"","ocean_shortcode_before_header":"","ocean_shortcode_after_header":"","ocean_has_shortcode":"","ocean_shortcode_after_title":"","ocean_shortcode_before_footer_widgets":"","ocean_shortcode_after_footer_widgets":"","ocean_shortcode_before_footer_bottom":"","ocean_shortcode_after_footer_bottom":"","ocean_display_top_bar":"default","ocean_display_header":"default","ocean_header_style":"","ocean_center_header_left_menu":"","ocean_custom_header_template":"","ocean_custom_logo":0,"ocean_custom_retina_logo":0,"ocean_custom_logo_max_width":0,"ocean_custom_logo_tablet_max_width":0,"ocean_custom_logo_mobile_max_width":0,"ocean_custom_logo_max_height":0,"ocean_custom_logo_tablet_max_height":0,"ocean_custom_logo_mobile_max_height":0,"ocean_header_custom_menu":"","ocean_menu_typo_font_family":"","ocean_menu_typo_font_subset":"","ocean_menu_typo_font_size":0,"ocean_menu_typo_font_size_tablet":0,"ocean_menu_typo_font_size_mobile":0,"ocean_menu_typo_font_size_unit":"px","ocean_menu_typo_font_weight":"","ocean_menu_typo_font_weight_tablet":"","ocean_menu_typo_font_weight_mobile":"","ocean_menu_typo_transform":"","ocean_menu_typo_transform_tablet":"","ocean_menu_typo_transform_mobile":"","ocean_menu_typo_line_height":0,"ocean_menu_typo_line_height_tablet":0,"ocean_menu_typo_line_height_mobile":0,"ocean_menu_typo_line_height_unit":"","ocean_menu_typo_spacing":0,"ocean_menu_typo_spacing_tablet":0,"ocean_menu_typo_spacing_mobile":0,"ocean_menu_typo_spacing_unit":"","ocean_menu_link_color":"","ocean_menu_link_color_hover":"","ocean_menu_link_color_active":"","ocean_menu_link_background":"","ocean_menu_link_hover_background":"","ocean_menu_link_active_background":"","ocean_menu_social_links_bg":"","ocean_menu_social_hover_links_bg":"","ocean_menu_social_links_color":"","ocean_menu_social_hover_links_color":"","ocean_disable_title":"default","ocean_disable_heading":"default","ocean_post_title":"","ocean_post_subheading":"","ocean_post_title_style":"","ocean_post_title_background_color":"","ocean_post_title_background":0,"ocean_post_title_bg_image_position":"","ocean_post_title_bg_image_attachment":"","ocean_post_title_bg_image_repeat":"","ocean_post_title_bg_image_size":"","ocean_post_title_height":0,"ocean_post_title_bg_overlay":0.5,"ocean_post_title_bg_overlay_color":"","ocean_disable_breadcrumbs":"default","ocean_breadcrumbs_color":"","ocean_breadcrumbs_separator_color":"","ocean_breadcrumbs_links_color":"","ocean_breadcrumbs_links_hover_color":"","ocean_display_footer_widgets":"default","ocean_display_footer_bottom":"default","ocean_custom_footer_template":"","footnotes":""},"class_list":["post-60","page","type-page","status-publish","hentry","entry"],"yoast_head":"<!-- This site is optimized with the Yoast SEO plugin v15.4 - https:\/\/yoast.com\/wordpress\/plugins\/seo\/ -->\n<title>Mentions l\u00e9gales - NewStone<\/title>\n<meta name=\"robots\" content=\"index, follow, max-snippet:-1, max-image-preview:large, max-video-preview:-1\" \/>\n<link rel=\"canonical\" href=\"https:\/\/www.newstone.fr\/en\/mentions-legales\/\" \/>\n<meta property=\"og:locale\" content=\"en_US\" \/>\n<meta property=\"og:type\" content=\"article\" \/>\n<meta property=\"og:title\" content=\"Mentions l\u00e9gales - NewStone\" \/>\n<meta property=\"og:description\" content=\"Responsable du Site : NewStone, SAS au capital de 2 624 040 \u20ac dont le si\u00e8ge social se situe 8 rue Gounod, 75017 Paris, Immatricul\u00e9e au Registre du Commerce et des Soci\u00e9t\u00e9s de Paris sous le n\u00b0 SIRET : 480 156 561 00031. N\u00b0 T.V.A Intracommunautaire FR 04 480 156 561 T\u00e9l : 01 55 [&hellip;]\" \/>\n<meta property=\"og:url\" content=\"https:\/\/www.newstone.fr\/en\/mentions-legales\/\" \/>\n<meta property=\"og:site_name\" content=\"NewStone\" \/>\n<meta name=\"twitter:card\" content=\"summary_large_image\" \/>\n<meta name=\"twitter:label1\" content=\"Written by\">\n\t<meta name=\"twitter:data1\" content=\"admin\">\n\t<meta name=\"twitter:label2\" content=\"Est. reading time\">\n\t<meta name=\"twitter:data2\" content=\"0 minutes\">\n<script type=\"application\/ld+json\" class=\"yoast-schema-graph\">{\"@context\":\"https:\/\/schema.org\",\"@graph\":[{\"@type\":\"Organization\",\"@id\":\"https:\/\/www.newstone.fr\/en\/#organization\",\"name\":\"NEWSTONE\",\"url\":\"https:\/\/www.newstone.fr\/en\/\",\"sameAs\":[],\"logo\":{\"@type\":\"ImageObject\",\"@id\":\"https:\/\/www.newstone.fr\/en\/#logo\",\"inLanguage\":\"en-US\",\"url\":\"https:\/\/www.newstone.fr\/wp-content\/uploads\/2020\/06\/newstone.jpg\",\"width\":160,\"height\":57,\"caption\":\"NEWSTONE\"},\"image\":{\"@id\":\"https:\/\/www.newstone.fr\/en\/#logo\"}},{\"@type\":\"WebSite\",\"@id\":\"https:\/\/www.newstone.fr\/en\/#website\",\"url\":\"https:\/\/www.newstone.fr\/en\/\",\"name\":\"NewStone\",\"description\":\"Solutions Immobili\\u00e8res\",\"publisher\":{\"@id\":\"https:\/\/www.newstone.fr\/en\/#organization\"},\"potentialAction\":[{\"@type\":\"SearchAction\",\"target\":\"https:\/\/www.newstone.fr\/en\/?s={search_term_string}\",\"query-input\":\"required name=search_term_string\"}],\"inLanguage\":\"en-US\"},{\"@type\":\"WebPage\",\"@id\":\"https:\/\/www.newstone.fr\/en\/mentions-legales\/#webpage\",\"url\":\"https:\/\/www.newstone.fr\/en\/mentions-legales\/\",\"name\":\"Mentions l\\u00e9gales - NewStone\",\"isPartOf\":{\"@id\":\"https:\/\/www.newstone.fr\/en\/#website\"},\"datePublished\":\"2020-06-13T13:07:04+00:00\",\"dateModified\":\"2020-06-13T13:07:04+00:00\",\"inLanguage\":\"en-US\",\"potentialAction\":[{\"@type\":\"ReadAction\",\"target\":[\"https:\/\/www.newstone.fr\/en\/mentions-legales\/\"]}]}]}<\/script>\n<!-- \/ Yoast SEO plugin. -->","_links":{"self":[{"href":"https:\/\/www.newstone.fr\/en\/wp-json\/wp\/v2\/pages\/60","targetHints":{"allow":["GET"]}}],"collection":[{"href":"https:\/\/www.newstone.fr\/en\/wp-json\/wp\/v2\/pages"}],"about":[{"href":"https:\/\/www.newstone.fr\/en\/wp-json\/wp\/v2\/types\/page"}],"author":[{"embeddable":true,"href":"https:\/\/www.newstone.fr\/en\/wp-json\/wp\/v2\/users\/1"}],"replies":[{"embeddable":true,"href":"https:\/\/www.newstone.fr\/en\/wp-json\/wp\/v2\/comments?post=60"}],"version-history":[{"count":1,"href":"https:\/\/www.newstone.fr\/en\/wp-json\/wp\/v2\/pages\/60\/revisions"}],"predecessor-version":[{"id":61,"href":"https:\/\/www.newstone.fr\/en\/wp-json\/wp\/v2\/pages\/60\/revisions\/61"}],"wp:attachment":[{"href":"https:\/\/www.newstone.fr\/en\/wp-json\/wp\/v2\/media?parent=60"}],"curies":[{"name":"wp","href":"https:\/\/api.w.org\/{rel}","templated":true}]}}