{"id":2,"date":"2020-06-10T18:03:48","date_gmt":"2020-06-10T16:03:48","guid":{"rendered":"http:\/\/ww1.newstone.fr\/?page_id=2"},"modified":"2020-11-30T11:10:05","modified_gmt":"2020-11-30T10:10:05","slug":"la-philosophie-newstone","status":"publish","type":"page","link":"https:\/\/www.newstone.fr\/en\/la-philosophie-newstone\/","title":{"rendered":"La Philosophie NewStone"},"content":{"rendered":"<div data-elementor-type=\"wp-page\" data-elementor-id=\"2\" class=\"elementor elementor-2\">\n\t\t\t\t\t\t<section class=\"elementor-section elementor-top-section elementor-element elementor-element-a53dc26 elementor-section-boxed elementor-section-height-default elementor-section-height-default\" data-id=\"a53dc26\" data-element_type=\"section\" data-e-type=\"section\">\n\t\t\t\t\t\t<div class=\"elementor-container elementor-column-gap-default\">\n\t\t\t\t\t<div class=\"elementor-column elementor-col-100 elementor-top-column elementor-element elementor-element-3ff9113 elementor-invisible\" data-id=\"3ff9113\" data-element_type=\"column\" data-e-type=\"column\" data-settings=\"{&quot;background_background&quot;:&quot;slideshow&quot;,&quot;animation&quot;:&quot;fadeInUp&quot;,&quot;background_slideshow_gallery&quot;:[],&quot;background_slideshow_loop&quot;:&quot;yes&quot;,&quot;background_slideshow_slide_duration&quot;:5000,&quot;background_slideshow_slide_transition&quot;:&quot;fade&quot;,&quot;background_slideshow_transition_duration&quot;:500}\">\n\t\t\t<div class=\"elementor-widget-wrap elementor-element-populated\">\n\t\t\t\t\t\t<div class=\"elementor-element elementor-element-e8660e9 elementor-tabs-view-vertical elementor-invisible elementor-widget elementor-widget-tabs\" data-id=\"e8660e9\" data-element_type=\"widget\" data-e-type=\"widget\" data-settings=\"{&quot;_animation&quot;:&quot;fadeInDown&quot;}\" data-widget_type=\"tabs.default\">\n\t\t\t\t<div class=\"elementor-widget-container\">\n\t\t\t\t\t\t\t<div class=\"elementor-tabs\">\n\t\t\t<div class=\"elementor-tabs-wrapper\" role=\"tablist\" >\n\t\t\t\t\t\t\t\t\t<div id=\"elementor-tab-title-2431\" class=\"elementor-tab-title elementor-tab-desktop-title\" aria-selected=\"true\" data-tab=\"1\" role=\"tab\" tabindex=\"0\" aria-controls=\"elementor-tab-content-2431\" aria-expanded=\"false\">Our Vocation<\/div>\n\t\t\t\t\t\t\t\t\t<div id=\"elementor-tab-title-2432\" class=\"elementor-tab-title elementor-tab-desktop-title\" aria-selected=\"false\" data-tab=\"2\" role=\"tab\" tabindex=\"-1\" aria-controls=\"elementor-tab-content-2432\" aria-expanded=\"false\">Our Methodology<\/div>\n\t\t\t\t\t\t\t\t\t<div id=\"elementor-tab-title-2433\" class=\"elementor-tab-title elementor-tab-desktop-title\" aria-selected=\"false\" data-tab=\"3\" role=\"tab\" tabindex=\"-1\" aria-controls=\"elementor-tab-content-2433\" aria-expanded=\"false\">Our skills<\/div>\n\t\t\t\t\t\t\t<\/div>\n\t\t\t<div class=\"elementor-tabs-content-wrapper\" role=\"tablist\" aria-orientation=\"vertical\">\n\t\t\t\t\t\t\t\t\t<div class=\"elementor-tab-title elementor-tab-mobile-title\" aria-selected=\"true\" data-tab=\"1\" role=\"tab\" tabindex=\"0\" aria-controls=\"elementor-tab-content-2431\" aria-expanded=\"false\">Our Vocation<\/div>\n\t\t\t\t\t<div id=\"elementor-tab-content-2431\" class=\"elementor-tab-content elementor-clearfix\" data-tab=\"1\" role=\"tabpanel\" aria-labelledby=\"elementor-tab-title-2431\" tabindex=\"0\" hidden=\"false\"><p><img fetchpriority=\"high\" decoding=\"async\" class=\"alignleft wp-image-55 size-medium\" src=\"https:\/\/www.newstone.fr\/wp-content\/uploads\/2020\/06\/Image_92-198x300.jpg\" alt=\"\" width=\"198\" height=\"300\" srcset=\"https:\/\/www.newstone.fr\/wp-content\/uploads\/2020\/06\/Image_92-198x300.jpg 198w, https:\/\/www.newstone.fr\/wp-content\/uploads\/2020\/06\/Image_92.jpg 214w\" sizes=\"(max-width: 198px) 100vw, 198px\" \/><\/p><h2><span style=\"color: #ff00ff;\"><span style=\"color: #ffffff;\"><b>Our Vocation<\/b><\/span><\/span><\/h2><p><span style=\"color: #ffffff;\"><b>Provide concrete and adapted real estate solutions<\/b><\/span><\/p><p><span style=\"color: #ffffff;\">Real estate is one of the main costs of running a business. The impact of this position, which still occupies a significant place from a budgetary point of view, is also proving to be increasingly important in terms of image, corporate culture, efficiency and daily organization as well as proximity. vis-\u00e0-vis customers and partners.<\/span><\/p><p><span style=\"color: #ffffff;\">Real estate is one of the main costs of running a business. The impact of this position, which still occupies a significant place from a budgetary point of view, is also proving to be increasingly important in terms of image, corporate culture, efficiency and daily organization as well as proximity. vis-\u00e0-vis customers and partners.<\/span><\/p><p><span style=\"color: #ffffff;\">Our quest is both simple and complex: to enable you to carry out your activities in optimal conditions while keeping your offices as development tools.<\/span><\/p><p><span style=\"color: #ffffff;\">Chantal VEIA<\/span><\/p><p><span style=\"color: #ffffff;\">CEO<\/span><\/p><\/div>\n\t\t\t\t\t\t\t\t\t<div class=\"elementor-tab-title elementor-tab-mobile-title\" aria-selected=\"false\" data-tab=\"2\" role=\"tab\" tabindex=\"-1\" aria-controls=\"elementor-tab-content-2432\" aria-expanded=\"false\">Our Methodology<\/div>\n\t\t\t\t\t<div id=\"elementor-tab-content-2432\" class=\"elementor-tab-content elementor-clearfix\" data-tab=\"2\" role=\"tabpanel\" aria-labelledby=\"elementor-tab-title-2432\" tabindex=\"0\" hidden=\"hidden\"><h2><span style=\"color: #ffffff;\"><b>Our Methodology<\/b><\/span><\/h2>\n<p><span style=\"color: #ffffff;\"><b>Adopt a partnership approach with local communities<\/b><\/span><\/p>\n<div><span style=\"color: #ffffff;\">Realizing a new building involves having a comprehensive vision and understanding of an urban landscape. For a city, the challenge also lies in welcoming a new business, which creates economic value and jobs. Newstone therefore integrates this collective dimension into each of its projects. Our philosophy is to work jointly and in full transparency with the authorities and representatives of the territories concerned.<\/span><\/div><\/div>\n\t\t\t\t\t\t\t\t\t<div class=\"elementor-tab-title elementor-tab-mobile-title\" aria-selected=\"false\" data-tab=\"3\" role=\"tab\" tabindex=\"-1\" aria-controls=\"elementor-tab-content-2433\" aria-expanded=\"false\">Our skills<\/div>\n\t\t\t\t\t<div id=\"elementor-tab-content-2433\" class=\"elementor-tab-content elementor-clearfix\" data-tab=\"3\" role=\"tabpanel\" aria-labelledby=\"elementor-tab-title-2433\" tabindex=\"0\" hidden=\"hidden\"><h2><span style=\"color: #ffffff;\"><b>Our skills<\/b><\/span><\/h2>\n<p><span style=\"color: #ffffff;\"><b>Define the real needs of companies ...<\/b><\/span><\/p>\n<p><span style=\"color: #ffffff;\">All location decisions are synonymous with strategic choices in a company's development process. Understanding your needs is above all about identifying your business, identifying your customers and integrating your operations: so many criteria that allow us to provide expertise tailored to your needs and requirements.<\/span><\/p>\n<p><span style=\"color: #ffffff;\"><span style=\"color: #ffffff;\"><b>... while focusing our know-how on office property.<\/b><\/span><\/span><\/p>\n<p><span style=\"color: #ffffff;\">Providing you with innovative and functional solutions, as well as creating ambitious and \"tailor-made\" projects, is only possible thanks to in-depth knowledge of a specific market segment: office property. Following the same logic of specialization, we have decided to concentrate our activities on the geographic reference sector in commercial real estate: \u00cele-de-France. Our specialization is therefore one of the keys to the success of your real estate projects.<\/span><\/p><\/div>\n\t\t\t\t\t\t\t<\/div>\n\t\t<\/div>\n\t\t\t\t\t\t<\/div>\n\t\t\t\t<\/div>\n\t\t\t\t\t<\/div>\n\t\t<\/div>\n\t\t\t\t\t<\/div>\n\t\t<\/section>\n\t\t\t\t<\/div>","protected":false},"excerpt":{"rendered":"<p>Notre Vocation Notre M\u00e9thodologie Nos Comp\u00e9tences Notre Vocation Notre Vocation Apporter des solutions immobili\u00e8res concr\u00e8tes et adapt\u00e9es L&rsquo;immobilier constitue l&rsquo;un des principaux couts de fonctionnement d&rsquo;une entreprise. L&rsquo;impact de ce poste, qui occupe toujours une place significative sur le plan budg\u00e9taire, se r\u00e9v\u00e8le \u00e9galement de plus en plus important en termes d&rsquo;image, de culture d&rsquo;entreprise, [&hellip;]<\/p>\n","protected":false},"author":1,"featured_media":0,"parent":0,"menu_order":0,"comment_status":"closed","ping_status":"open","template":"","meta":{"ocean_post_layout":"","ocean_both_sidebars_style":"","ocean_both_sidebars_content_width":0,"ocean_both_sidebars_sidebars_width":0,"ocean_sidebar":"0","ocean_second_sidebar":"0","ocean_disable_margins":"enable","ocean_add_body_class":"","ocean_shortcode_before_top_bar":"","ocean_shortcode_after_top_bar":"","ocean_shortcode_before_header":"","ocean_shortcode_after_header":"","ocean_has_shortcode":"","ocean_shortcode_after_title":"","ocean_shortcode_before_footer_widgets":"","ocean_shortcode_after_footer_widgets":"","ocean_shortcode_before_footer_bottom":"","ocean_shortcode_after_footer_bottom":"","ocean_display_top_bar":"default","ocean_display_header":"default","ocean_header_style":"","ocean_center_header_left_menu":"0","ocean_custom_header_template":"0","ocean_custom_logo":0,"ocean_custom_retina_logo":0,"ocean_custom_logo_max_width":0,"ocean_custom_logo_tablet_max_width":0,"ocean_custom_logo_mobile_max_width":0,"ocean_custom_logo_max_height":0,"ocean_custom_logo_tablet_max_height":0,"ocean_custom_logo_mobile_max_height":0,"ocean_header_custom_menu":"0","ocean_menu_typo_font_family":"0","ocean_menu_typo_font_subset":"","ocean_menu_typo_font_size":0,"ocean_menu_typo_font_size_tablet":0,"ocean_menu_typo_font_size_mobile":0,"ocean_menu_typo_font_size_unit":"px","ocean_menu_typo_font_weight":"","ocean_menu_typo_font_weight_tablet":"","ocean_menu_typo_font_weight_mobile":"","ocean_menu_typo_transform":"","ocean_menu_typo_transform_tablet":"","ocean_menu_typo_transform_mobile":"","ocean_menu_typo_line_height":0,"ocean_menu_typo_line_height_tablet":0,"ocean_menu_typo_line_height_mobile":0,"ocean_menu_typo_line_height_unit":"","ocean_menu_typo_spacing":0,"ocean_menu_typo_spacing_tablet":0,"ocean_menu_typo_spacing_mobile":0,"ocean_menu_typo_spacing_unit":"","ocean_menu_link_color":"","ocean_menu_link_color_hover":"","ocean_menu_link_color_active":"","ocean_menu_link_background":"","ocean_menu_link_hover_background":"","ocean_menu_link_active_background":"","ocean_menu_social_links_bg":"","ocean_menu_social_hover_links_bg":"","ocean_menu_social_links_color":"","ocean_menu_social_hover_links_color":"","ocean_disable_title":"default","ocean_disable_heading":"default","ocean_post_title":"","ocean_post_subheading":"","ocean_post_title_style":"","ocean_post_title_background_color":"","ocean_post_title_background":0,"ocean_post_title_bg_image_position":"","ocean_post_title_bg_image_attachment":"","ocean_post_title_bg_image_repeat":"","ocean_post_title_bg_image_size":"","ocean_post_title_height":0,"ocean_post_title_bg_overlay":0.5,"ocean_post_title_bg_overlay_color":"","ocean_disable_breadcrumbs":"default","ocean_breadcrumbs_color":"","ocean_breadcrumbs_separator_color":"","ocean_breadcrumbs_links_color":"","ocean_breadcrumbs_links_hover_color":"","ocean_display_footer_widgets":"default","ocean_display_footer_bottom":"default","ocean_custom_footer_template":"0","footnotes":""},"class_list":["post-2","page","type-page","status-publish","hentry","entry"],"yoast_head":"<!-- This site is optimized with the Yoast SEO plugin v15.4 - https:\/\/yoast.com\/wordpress\/plugins\/seo\/ -->\n<title>La Philosophie NewStone - NewStone<\/title>\n<meta name=\"robots\" content=\"index, follow, max-snippet:-1, max-image-preview:large, max-video-preview:-1\" \/>\n<link rel=\"canonical\" href=\"https:\/\/www.newstone.fr\/en\/la-philosophie-newstone\/\" \/>\n<meta property=\"og:locale\" content=\"en_US\" \/>\n<meta property=\"og:type\" content=\"article\" \/>\n<meta property=\"og:title\" content=\"La Philosophie NewStone - NewStone\" \/>\n<meta property=\"og:description\" content=\"Notre Vocation Notre M\u00e9thodologie Nos Comp\u00e9tences Notre Vocation Notre Vocation Apporter des solutions immobili\u00e8res concr\u00e8tes et adapt\u00e9es L&rsquo;immobilier constitue l&rsquo;un des principaux couts de fonctionnement d&rsquo;une entreprise. L&rsquo;impact de ce poste, qui occupe toujours une place significative sur le plan budg\u00e9taire, se r\u00e9v\u00e8le \u00e9galement de plus en plus important en termes d&rsquo;image, de culture d&rsquo;entreprise, [&hellip;]\" \/>\n<meta property=\"og:url\" content=\"https:\/\/www.newstone.fr\/en\/la-philosophie-newstone\/\" \/>\n<meta property=\"og:site_name\" content=\"NewStone\" \/>\n<meta property=\"article:modified_time\" content=\"2020-11-30T10:10:05+00:00\" \/>\n<meta property=\"og:image\" content=\"https:\/\/www.newstone.fr\/wp-content\/uploads\/2020\/06\/Image_92-198x300.jpg\" \/>\n<meta name=\"twitter:card\" content=\"summary_large_image\" \/>\n<meta name=\"twitter:label1\" content=\"Written by\">\n\t<meta name=\"twitter:data1\" content=\"admin\">\n\t<meta name=\"twitter:label2\" content=\"Est. reading time\">\n\t<meta name=\"twitter:data2\" content=\"2 minutes\">\n<script type=\"application\/ld+json\" class=\"yoast-schema-graph\">{\"@context\":\"https:\/\/schema.org\",\"@graph\":[{\"@type\":\"Organization\",\"@id\":\"https:\/\/www.newstone.fr\/en\/#organization\",\"name\":\"NEWSTONE\",\"url\":\"https:\/\/www.newstone.fr\/en\/\",\"sameAs\":[],\"logo\":{\"@type\":\"ImageObject\",\"@id\":\"https:\/\/www.newstone.fr\/en\/#logo\",\"inLanguage\":\"en-US\",\"url\":\"https:\/\/www.newstone.fr\/wp-content\/uploads\/2020\/06\/newstone.jpg\",\"width\":160,\"height\":57,\"caption\":\"NEWSTONE\"},\"image\":{\"@id\":\"https:\/\/www.newstone.fr\/en\/#logo\"}},{\"@type\":\"WebSite\",\"@id\":\"https:\/\/www.newstone.fr\/en\/#website\",\"url\":\"https:\/\/www.newstone.fr\/en\/\",\"name\":\"NewStone\",\"description\":\"Solutions Immobili\\u00e8res\",\"publisher\":{\"@id\":\"https:\/\/www.newstone.fr\/en\/#organization\"},\"potentialAction\":[{\"@type\":\"SearchAction\",\"target\":\"https:\/\/www.newstone.fr\/en\/?s={search_term_string}\",\"query-input\":\"required name=search_term_string\"}],\"inLanguage\":\"en-US\"},{\"@type\":\"ImageObject\",\"@id\":\"https:\/\/www.newstone.fr\/en\/la-philosophie-newstone\/#primaryimage\",\"inLanguage\":\"en-US\",\"url\":\"https:\/\/www.newstone.fr\/wp-content\/uploads\/2020\/06\/Image_92.jpg\",\"width\":214,\"height\":324},{\"@type\":\"WebPage\",\"@id\":\"https:\/\/www.newstone.fr\/en\/la-philosophie-newstone\/#webpage\",\"url\":\"https:\/\/www.newstone.fr\/en\/la-philosophie-newstone\/\",\"name\":\"La Philosophie NewStone - NewStone\",\"isPartOf\":{\"@id\":\"https:\/\/www.newstone.fr\/en\/#website\"},\"primaryImageOfPage\":{\"@id\":\"https:\/\/www.newstone.fr\/en\/la-philosophie-newstone\/#primaryimage\"},\"datePublished\":\"2020-06-10T16:03:48+00:00\",\"dateModified\":\"2020-11-30T10:10:05+00:00\",\"inLanguage\":\"en-US\",\"potentialAction\":[{\"@type\":\"ReadAction\",\"target\":[\"https:\/\/www.newstone.fr\/en\/la-philosophie-newstone\/\"]}]}]}<\/script>\n<!-- \/ Yoast SEO plugin. -->","_links":{"self":[{"href":"https:\/\/www.newstone.fr\/en\/wp-json\/wp\/v2\/pages\/2","targetHints":{"allow":["GET"]}}],"collection":[{"href":"https:\/\/www.newstone.fr\/en\/wp-json\/wp\/v2\/pages"}],"about":[{"href":"https:\/\/www.newstone.fr\/en\/wp-json\/wp\/v2\/types\/page"}],"author":[{"embeddable":true,"href":"https:\/\/www.newstone.fr\/en\/wp-json\/wp\/v2\/users\/1"}],"replies":[{"embeddable":true,"href":"https:\/\/www.newstone.fr\/en\/wp-json\/wp\/v2\/comments?post=2"}],"version-history":[{"count":49,"href":"https:\/\/www.newstone.fr\/en\/wp-json\/wp\/v2\/pages\/2\/revisions"}],"predecessor-version":[{"id":298,"href":"https:\/\/www.newstone.fr\/en\/wp-json\/wp\/v2\/pages\/2\/revisions\/298"}],"wp:attachment":[{"href":"https:\/\/www.newstone.fr\/en\/wp-json\/wp\/v2\/media?parent=2"}],"curies":[{"name":"wp","href":"https:\/\/api.w.org\/{rel}","templated":true}]}}