{"id":146,"date":"2020-06-13T20:04:28","date_gmt":"2020-06-13T18:04:28","guid":{"rendered":"http:\/\/ww1.newstone.fr\/?page_id=146"},"modified":"2020-06-13T20:04:28","modified_gmt":"2020-06-13T18:04:28","slug":"cookies","status":"publish","type":"page","link":"https:\/\/www.newstone.fr\/en\/cookies\/","title":{"rendered":"cookies"},"content":{"rendered":"<h1 class=\"wp-block-heading\">COOKIES<\/h1>\n\n\n\n<h3 class=\"wp-block-heading\">LOGIN DATA, TRACERS AND COOKIES<\/h3>\n\n\n\n<p><strong>What is a cookie ? What is a plotter?<\/strong><\/p>\n\n\n\n<p>A Cookie, also called a \u201cconnection cookie\u201d, belongs to the \u201ctracers\u201d family. It is a text file placed in a dedicated space on your computer or portable device when viewing a website.<\/p>\n\n\n\n<p>A Cookie makes it possible, during the period of its validity, to recognize the computer or portable device that you use each time you access our website. It does not identify you personally, but only recognizes the web browser on your computer or portable device.<\/p>\n\n\n\n<p>Today there are other types of tracers. For example, we use the invisible pixel, also known as transparent GIFs or action tag. It is a piece of code that appears as a tiny image on the web page. It allows you to recognize the time and date of a page consultation and to collect technical information such as the IP address or the configuration of the machine.<\/p>\n\n\n\n<p>Cookies, tracers and information collected via these means are kept for a maximum period of 13 months.<\/p>\n\n\n\n<p>Certain Cookies and tracers transfer data to GOOGLE and FACEBOOK companies established in the United States. These companies have adhered to the Privacy Shield, a self-certification mechanism for companies established in the United States which has been recognized by the European Commission as offering an adequate level of protection to personal data transferred by a European entity to companies established in the United States. United. For more information, you can consult the CNIL website at the following link:&nbsp;<a href=\"http:\/\/https%20\/\/www.cnil.fr\/fr\/le-privacy-shield\" target=\"_blank\" rel=\"noreferrer noopener\">https :\/\/www.cnil.fr\/fr\/le-privacy-shield<\/a><br>You can exercise your rights over your personal data under the same conditions provided for in section 1 of our Personal Data Policy.<\/p>\n\n\n\n<p>In order to comply with the transparency obligation imposed by the GDPR, we detail below the different trackers that we use on our website.<\/p>\n\n\n\n<p><strong>\u2192 Our technical cookies<\/strong><\/p>\n\n\n\n<p>These cookies are essential for accessing, consulting and using the information and services of the website. They allow you to recognize your browser, to signal your visit to a specific page of our website, to improve your browsing comfort (adapt the display resolution, remember the language used, memorize passwords and information relating to a online form ...), to implement security measures and to retain your choices concerning Cookies and trackers.<br>These technical cookies cannot be deactivated or configured otherwise you will no longer be able to access the website, its information and its services.<br>You can set your browser to block the installation of these Cookies on your computer or portable device, but some features and services of the site will not work normally.<\/p>\n\n\n\n<p>These technical cookies are as follows:<br>\"XX\" Domain: newstone.fr Retention period: 13 months Legal basis: Newstone's legitimate interests in running its website Purpose: eg: This cookie allows you to store your preferences in relation to other consent cookies and the various Cookies and tracers used on our platform). It is not personal and is used for the proper functioning of the site.<br>\u00ab lang \u00bb Domaine : newstone.fr Dur\u00e9e de conservation : session Base l\u00e9gale : int\u00e9r\u00eats l\u00e9gitimes de Newstone de faire fonctionner son site web Finalit\u00e9 : Ce cookie permet de retenir la langue utilis\u00e9e sur notre site web. Il n\u2019a aucun caract\u00e8re personnel et sert au bon fonctionnement du site.<\/p>\n\n\n\n<p><strong>\u2192 Our audience measurement and statistics cookies<\/strong><\/p>\n\n\n\n<p>Audience measurement cookies establish statistics on the number of visits to the site and the use of our services. Visitor statistics, content and pages displayed can thus be collected. These statistics make it possible in particular to improve the interest and ergonomics of our services.<br>You can accept or refuse the deposit of these Cookies via the \"Cookie &amp; Tracker Management\" console.<br>Refusing to store these cookies will prevent us from establishing anonymous statistics.<br>\"_Ga\" Domain: newstone.fr Retention period: 24 months Legal basis: consent Purpose: Allows you to collect your browsing data in order to transmit them to GOOGLE ANALYTICS and allow Newstone to better understand the use of the site.<br>\"_Gat_\" Domain: newstone.fr Retention period: 1 day Legal basis: consent Purpose: Allows you to collect your browsing data in order to transmit them to GOOGLE ANALYTICS and allow GDPR RATING to better understand the use of the site.<br>\"_Gid\" Domain: newstone.fr Retention period: 1 day Legal basis: consent Purpose: Allows you to collect your browsing data in order to transmit them to GOOGLE ANALYTICS and allow GDPR RATING to better understand the use of the site.<br>\"ABTastyData\" Domain: newstone.fr Retention period: 1 day Legal basis: consent Purpose: This cookie is used by the website operator as part of multivariate tests; it is a tool used to combine or modify the content of the site. This allows the website to find the best variation \/ edition of the site.<\/p>\n\n\n\n<p><strong>\u2192 Our targeted advertising or marketing plotters<\/strong><\/p>\n\n\n\n<p>You can accept or refuse the deposit of these Cookies via the \"Cookie &amp; Tracker Management\" console. Refusing to use this tracker will prevent us from serving you targeted advertising. \"_XX\" Domain: newstone.fr Retention period: XX months Legal basis: consent<\/p>\n\n\n\n<p><strong>\u2192 YouTube Cookies (GOOGLE)<\/strong><\/p>\n\n\n\n<p>These Cookies are deposited by the GOOGLE company when you wish to read videos embedded in our web pages. You can accept or refuse the deposit of these Cookies via the \"Cookie &amp; Tracker Management\" console. Refusing to deposit these cookies will prevent you from playing the videos.<br>When you accept the deposit of these Cookies, GOOGLE collects and processes some of your personal data. For more information on these treatments, see their Privacy Policy:&nbsp;<a href=\"https:\/\/policies.google.com\/privacy\" target=\"_blank\" rel=\"noreferrer noopener\">https:\/\/policies.google.com\/privacy<\/a><\/p>","protected":false},"excerpt":{"rendered":"<p>COOKIES DONN\u00c9ES DE CONNEXION, TRACEURS ET COOKIES Qu\u2019est-ce qu\u2019un Cookie ? Qu\u2019est-ce qu\u2019un traceur ? Un Cookie, aussi appel\u00e9 \u00ab t\u00e9moin de connexion \u00bb, appartient \u00e0 la famille des \u00ab traceurs \u00bb. C\u2019est un fichier texte d\u00e9pos\u00e9 dans un espace d\u00e9di\u00e9 de votre ordinateur ou p\u00e9riph\u00e9rique portable lors de la consultation d\u2019un site web. Un [&hellip;]<\/p>\n","protected":false},"author":1,"featured_media":0,"parent":0,"menu_order":0,"comment_status":"closed","ping_status":"closed","template":"","meta":{"ocean_post_layout":"","ocean_both_sidebars_style":"","ocean_both_sidebars_content_width":0,"ocean_both_sidebars_sidebars_width":0,"ocean_sidebar":"","ocean_second_sidebar":"","ocean_disable_margins":"enable","ocean_add_body_class":"","ocean_shortcode_before_top_bar":"","ocean_shortcode_after_top_bar":"","ocean_shortcode_before_header":"","ocean_shortcode_after_header":"","ocean_has_shortcode":"","ocean_shortcode_after_title":"","ocean_shortcode_before_footer_widgets":"","ocean_shortcode_after_footer_widgets":"","ocean_shortcode_before_footer_bottom":"","ocean_shortcode_after_footer_bottom":"","ocean_display_top_bar":"default","ocean_display_header":"default","ocean_header_style":"","ocean_center_header_left_menu":"","ocean_custom_header_template":"","ocean_custom_logo":0,"ocean_custom_retina_logo":0,"ocean_custom_logo_max_width":0,"ocean_custom_logo_tablet_max_width":0,"ocean_custom_logo_mobile_max_width":0,"ocean_custom_logo_max_height":0,"ocean_custom_logo_tablet_max_height":0,"ocean_custom_logo_mobile_max_height":0,"ocean_header_custom_menu":"","ocean_menu_typo_font_family":"","ocean_menu_typo_font_subset":"","ocean_menu_typo_font_size":0,"ocean_menu_typo_font_size_tablet":0,"ocean_menu_typo_font_size_mobile":0,"ocean_menu_typo_font_size_unit":"px","ocean_menu_typo_font_weight":"","ocean_menu_typo_font_weight_tablet":"","ocean_menu_typo_font_weight_mobile":"","ocean_menu_typo_transform":"","ocean_menu_typo_transform_tablet":"","ocean_menu_typo_transform_mobile":"","ocean_menu_typo_line_height":0,"ocean_menu_typo_line_height_tablet":0,"ocean_menu_typo_line_height_mobile":0,"ocean_menu_typo_line_height_unit":"","ocean_menu_typo_spacing":0,"ocean_menu_typo_spacing_tablet":0,"ocean_menu_typo_spacing_mobile":0,"ocean_menu_typo_spacing_unit":"","ocean_menu_link_color":"","ocean_menu_link_color_hover":"","ocean_menu_link_color_active":"","ocean_menu_link_background":"","ocean_menu_link_hover_background":"","ocean_menu_link_active_background":"","ocean_menu_social_links_bg":"","ocean_menu_social_hover_links_bg":"","ocean_menu_social_links_color":"","ocean_menu_social_hover_links_color":"","ocean_disable_title":"default","ocean_disable_heading":"default","ocean_post_title":"","ocean_post_subheading":"","ocean_post_title_style":"","ocean_post_title_background_color":"","ocean_post_title_background":0,"ocean_post_title_bg_image_position":"","ocean_post_title_bg_image_attachment":"","ocean_post_title_bg_image_repeat":"","ocean_post_title_bg_image_size":"","ocean_post_title_height":0,"ocean_post_title_bg_overlay":0.5,"ocean_post_title_bg_overlay_color":"","ocean_disable_breadcrumbs":"default","ocean_breadcrumbs_color":"","ocean_breadcrumbs_separator_color":"","ocean_breadcrumbs_links_color":"","ocean_breadcrumbs_links_hover_color":"","ocean_display_footer_widgets":"default","ocean_display_footer_bottom":"default","ocean_custom_footer_template":"","footnotes":""},"class_list":["post-146","page","type-page","status-publish","hentry","entry"],"yoast_head":"<!-- This site is optimized with the Yoast SEO plugin v15.4 - https:\/\/yoast.com\/wordpress\/plugins\/seo\/ -->\n<title>cookies - NewStone<\/title>\n<meta name=\"robots\" content=\"index, follow, max-snippet:-1, max-image-preview:large, max-video-preview:-1\" \/>\n<link rel=\"canonical\" href=\"https:\/\/www.newstone.fr\/en\/cookies\/\" \/>\n<meta property=\"og:locale\" content=\"en_US\" \/>\n<meta property=\"og:type\" content=\"article\" \/>\n<meta property=\"og:title\" content=\"cookies - NewStone\" \/>\n<meta property=\"og:description\" content=\"COOKIES DONN\u00c9ES DE CONNEXION, TRACEURS ET COOKIES Qu\u2019est-ce qu\u2019un Cookie ? Qu\u2019est-ce qu\u2019un traceur ? Un Cookie, aussi appel\u00e9 \u00ab t\u00e9moin de connexion \u00bb, appartient \u00e0 la famille des \u00ab traceurs \u00bb. C\u2019est un fichier texte d\u00e9pos\u00e9 dans un espace d\u00e9di\u00e9 de votre ordinateur ou p\u00e9riph\u00e9rique portable lors de la consultation d\u2019un site web. Un [&hellip;]\" \/>\n<meta property=\"og:url\" content=\"https:\/\/www.newstone.fr\/en\/cookies\/\" \/>\n<meta property=\"og:site_name\" content=\"NewStone\" \/>\n<meta name=\"twitter:card\" content=\"summary_large_image\" \/>\n<meta name=\"twitter:label1\" content=\"Written by\">\n\t<meta name=\"twitter:data1\" content=\"admin\">\n\t<meta name=\"twitter:label2\" content=\"Est. reading time\">\n\t<meta name=\"twitter:data2\" content=\"4 minutes\">\n<script type=\"application\/ld+json\" class=\"yoast-schema-graph\">{\"@context\":\"https:\/\/schema.org\",\"@graph\":[{\"@type\":\"Organization\",\"@id\":\"https:\/\/www.newstone.fr\/en\/#organization\",\"name\":\"NEWSTONE\",\"url\":\"https:\/\/www.newstone.fr\/en\/\",\"sameAs\":[],\"logo\":{\"@type\":\"ImageObject\",\"@id\":\"https:\/\/www.newstone.fr\/en\/#logo\",\"inLanguage\":\"en-US\",\"url\":\"https:\/\/www.newstone.fr\/wp-content\/uploads\/2020\/06\/newstone.jpg\",\"width\":160,\"height\":57,\"caption\":\"NEWSTONE\"},\"image\":{\"@id\":\"https:\/\/www.newstone.fr\/en\/#logo\"}},{\"@type\":\"WebSite\",\"@id\":\"https:\/\/www.newstone.fr\/en\/#website\",\"url\":\"https:\/\/www.newstone.fr\/en\/\",\"name\":\"NewStone\",\"description\":\"Solutions Immobili\\u00e8res\",\"publisher\":{\"@id\":\"https:\/\/www.newstone.fr\/en\/#organization\"},\"potentialAction\":[{\"@type\":\"SearchAction\",\"target\":\"https:\/\/www.newstone.fr\/en\/?s={search_term_string}\",\"query-input\":\"required name=search_term_string\"}],\"inLanguage\":\"en-US\"},{\"@type\":\"WebPage\",\"@id\":\"https:\/\/www.newstone.fr\/en\/cookies\/#webpage\",\"url\":\"https:\/\/www.newstone.fr\/en\/cookies\/\",\"name\":\"cookies - NewStone\",\"isPartOf\":{\"@id\":\"https:\/\/www.newstone.fr\/en\/#website\"},\"datePublished\":\"2020-06-13T18:04:28+00:00\",\"dateModified\":\"2020-06-13T18:04:28+00:00\",\"inLanguage\":\"en-US\",\"potentialAction\":[{\"@type\":\"ReadAction\",\"target\":[\"https:\/\/www.newstone.fr\/en\/cookies\/\"]}]}]}<\/script>\n<!-- \/ Yoast SEO plugin. -->","_links":{"self":[{"href":"https:\/\/www.newstone.fr\/en\/wp-json\/wp\/v2\/pages\/146","targetHints":{"allow":["GET"]}}],"collection":[{"href":"https:\/\/www.newstone.fr\/en\/wp-json\/wp\/v2\/pages"}],"about":[{"href":"https:\/\/www.newstone.fr\/en\/wp-json\/wp\/v2\/types\/page"}],"author":[{"embeddable":true,"href":"https:\/\/www.newstone.fr\/en\/wp-json\/wp\/v2\/users\/1"}],"replies":[{"embeddable":true,"href":"https:\/\/www.newstone.fr\/en\/wp-json\/wp\/v2\/comments?post=146"}],"version-history":[{"count":1,"href":"https:\/\/www.newstone.fr\/en\/wp-json\/wp\/v2\/pages\/146\/revisions"}],"predecessor-version":[{"id":147,"href":"https:\/\/www.newstone.fr\/en\/wp-json\/wp\/v2\/pages\/146\/revisions\/147"}],"wp:attachment":[{"href":"https:\/\/www.newstone.fr\/en\/wp-json\/wp\/v2\/media?parent=146"}],"curies":[{"name":"wp","href":"https:\/\/api.w.org\/{rel}","templated":true}]}}